{"id":9,"date":"2022-06-12T16:36:51","date_gmt":"2022-06-12T14:36:51","guid":{"rendered":"http:\/\/wushuelorn.fr\/?page_id=9"},"modified":"2024-06-15T11:54:42","modified_gmt":"2024-06-15T09:54:42","slug":"accueil","status":"publish","type":"page","link":"https:\/\/wushuelorn.fr\/","title":{"rendered":"Accueil"},"content":{"rendered":"\n<h1 class=\"wp-block-heading\"><strong>Le mot de la pr\u00e9sidente et de l&#8217;\u00e9quipe de direction<\/strong><\/h1>\n\n\n\n<p><strong>Bienvenue sur le site de Wushu Elorn.<\/strong><\/p>\n\n\n\n<p class=\"has-text-align-center\"><strong>\u5929\u5730\u4e0e\u6211\u5e76\u5b58       \u4e07\u7269\u4e0e\u6211\u4e3a\u4e00<\/strong>           -\u5e84\u5b50<\/p>\n\n\n\n<p class=\"has-text-align-center\">Le Ciel et la Terre coexistent avec moi, et toutes choses ne font d&#8217;UN.       &#8211; Zhuang Zi<\/p>\n\n\n\n<p><\/p>\n\n\n<div class=\"wp-block-image\">\n<figure class=\"aligncenter size-full is-resized\"><img loading=\"lazy\" decoding=\"async\" width=\"594\" height=\"899\" src=\"http:\/\/wushuelorn.fr\/wp-content\/uploads\/2024\/06\/IMG_1367-2.jpg\" alt=\"\" class=\"wp-image-560\" style=\"width:348px;height:auto\" srcset=\"https:\/\/wushuelorn.fr\/wp-content\/uploads\/2024\/06\/IMG_1367-2.jpg 594w, https:\/\/wushuelorn.fr\/wp-content\/uploads\/2024\/06\/IMG_1367-2-198x300.jpg 198w\" sizes=\"auto, (max-width: 594px) 100vw, 594px\" \/><\/figure>\n<\/div>\n\n\n<p class=\"has-text-align-center\"><em>Je vagabonde librement.<\/em><\/p>\n\n\n\n<p class=\"has-text-align-center\"><em>Je suis sans toit.<\/em><\/p>\n\n\n\n<p class=\"has-text-align-center\"><em>En ce coin recul\u00e9 o\u00f9 le printemps rayonne,<\/em><\/p>\n\n\n\n<p class=\"has-text-align-center\"><em>Je pourrais installer ma demeure.<\/em><\/p>\n\n\n\n<p class=\"has-text-align-center\"><em>Je fais halte sur un pont<\/em><\/p>\n\n\n\n<p class=\"has-text-align-center\"><em>Et admire la nature alentour.<\/em><\/p>\n\n\n\n<p class=\"has-text-align-center\"><em>Partout dans la montagne,<\/em><\/p>\n\n\n\n<p class=\"has-text-align-center\"><em>Ce ne sont que fleurs caress\u00e9es par l<\/em>e vent.<\/p>\n\n\n\n<p class=\"has-text-align-center\">  &#8211;  LAO SHU<\/p>\n\n\n\n<p><\/p>\n\n\n\n<p>Nous sommes tr\u00e8s heureux de vous pr\u00e9senter le contenu et ses rubriques de ce site Wushu Elorn.<\/p>\n\n\n\n<p>Il apporte \u00e0 chacun et chacune fraicheur, changement, joie, souplesse, \u00e9quilibre, force et harmonie, dans sa vie personnelle ainsi que dans ses liens avec les autres et la nature.<\/p>\n\n\n\n<p>Il s&#8217;appuie sur une tradition et une transmission de ma\u00eetres \u00e0 disciples.<\/p>\n\n\n\n<p>Pour plus de d\u00e9tail, le site est d\u00e9velopp\u00e9 en plusieurs parties.<\/p>\n\n\n\n<ul class=\"wp-block-list\">\n<li>La partie ORGANISATION qui pr\u00e9sente les membres de l&#8217;\u00e9quipe dirigeante<\/li>\n\n\n\n<li>La partie WUSHU qui explique la th\u00e9orie, l&#8217;histoire et les techniques<\/li>\n\n\n\n<li>La partie VIE de l&#8217;ASSOCIATION qui m\u00e9morise les \u00e9v\u00e9nements pass\u00e9s<\/li>\n\n\n\n<li>La partie EVENEMENT \u00e0 VENIR qui annonce les rendez vous importants<\/li>\n\n\n\n<li>La partie PROGRAMME de l&#8217;ann\u00e9e en cours et \u00e0 venir, qui explicite la planning des cours, ainsi que les modalit\u00e9s d&#8217;inscription.<\/li>\n\n\n\n<li>la partie BIBLIOGRAPHIE propose une liste de r\u00e9f\u00e9rences \u00e0 consulter dans les diff\u00e9rents domaines du Wushu<\/li>\n<\/ul>\n\n\n\n<h2 class=\"wp-block-heading has-text-align-left\"><\/h2>\n\n\n\n<p>Mme SU Renfeng, Directrice p\u00e9dagogique : vis\u00e9<\/p>\n\n\n\n<p>Mme Graf Brigitte, Pr\u00e9sidente : vis\u00e9<\/p>\n\n\n\n<p><\/p>\n\n\n\n<h1 class=\"wp-block-heading\"><\/h1>\n\n\n\n<h2 class=\"wp-block-heading\"><\/h2>\n","protected":false},"excerpt":{"rendered":"<p>Le mot de la pr\u00e9sidente et de l&#8217;\u00e9quipe de direction Bienvenue sur le site de Wushu Elorn. \u5929\u5730\u4e0e\u6211\u5e76\u5b58 \u4e07\u7269\u4e0e\u6211\u4e3a\u4e00 -\u5e84\u5b50 Le Ciel et la Terre coexistent avec moi, et toutes choses ne font d&#8217;UN. &#8211; Zhuang Zi Je vagabonde librement. Je suis sans toit. En ce coin recul\u00e9 o\u00f9 le printemps rayonne, Je pourrais installer &hellip; <\/p>\n<p class=\"link-more\"><a href=\"https:\/\/wushuelorn.fr\/\" class=\"more-link\">Continue reading<span class=\"screen-reader-text\"> &#8220;Accueil&#8221;<\/span><\/a><\/p>\n","protected":false},"author":1,"featured_media":0,"parent":0,"menu_order":0,"comment_status":"closed","ping_status":"closed","template":"","meta":{"footnotes":""},"class_list":["post-9","page","type-page","status-publish","hentry"],"yoast_head":"<!-- This site is optimized with the Yoast SEO plugin v19.8 - https:\/\/yoast.com\/wordpress\/plugins\/seo\/ -->\n<title>Accueil - Wushu Elorn<\/title>\n<meta name=\"robots\" content=\"index, follow, max-snippet:-1, max-image-preview:large, max-video-preview:-1\" \/>\n<link rel=\"canonical\" href=\"https:\/\/wushuelorn.fr\/\" \/>\n<meta property=\"og:locale\" content=\"en_US\" \/>\n<meta property=\"og:type\" content=\"article\" \/>\n<meta property=\"og:title\" content=\"Accueil - Wushu Elorn\" \/>\n<meta property=\"og:description\" content=\"Le mot de la pr\u00e9sidente et de l&#8217;\u00e9quipe de direction Bienvenue sur le site de Wushu Elorn. \u5929\u5730\u4e0e\u6211\u5e76\u5b58 \u4e07\u7269\u4e0e\u6211\u4e3a\u4e00 -\u5e84\u5b50 Le Ciel et la Terre coexistent avec moi, et toutes choses ne font d&#8217;UN. &#8211; Zhuang Zi Je vagabonde librement. Je suis sans toit. En ce coin recul\u00e9 o\u00f9 le printemps rayonne, Je pourrais installer &hellip; Continue reading &quot;Accueil&quot;\" \/>\n<meta property=\"og:url\" content=\"https:\/\/wushuelorn.fr\/\" \/>\n<meta property=\"og:site_name\" content=\"Wushu Elorn\" \/>\n<meta property=\"article:publisher\" content=\"https:\/\/www.facebook.com\/WushuElorn\/\" \/>\n<meta property=\"article:modified_time\" content=\"2024-06-15T09:54:42+00:00\" \/>\n<meta property=\"og:image\" content=\"http:\/\/wushuelorn.fr\/wp-content\/uploads\/2024\/06\/IMG_1367-2.jpg\" \/>\n<meta name=\"twitter:card\" content=\"summary_large_image\" \/>\n<meta name=\"twitter:label1\" content=\"Est. reading time\" \/>\n\t<meta name=\"twitter:data1\" content=\"1 minute\" \/>\n<script type=\"application\/ld+json\" class=\"yoast-schema-graph\">{\"@context\":\"https:\/\/schema.org\",\"@graph\":[{\"@type\":\"WebPage\",\"@id\":\"https:\/\/wushuelorn.fr\/\",\"url\":\"https:\/\/wushuelorn.fr\/\",\"name\":\"Accueil - Wushu Elorn\",\"isPartOf\":{\"@id\":\"https:\/\/wushuelorn.fr\/#website\"},\"datePublished\":\"2022-06-12T14:36:51+00:00\",\"dateModified\":\"2024-06-15T09:54:42+00:00\",\"breadcrumb\":{\"@id\":\"https:\/\/wushuelorn.fr\/#breadcrumb\"},\"inLanguage\":\"en-US\",\"potentialAction\":[{\"@type\":\"ReadAction\",\"target\":[\"https:\/\/wushuelorn.fr\/\"]}]},{\"@type\":\"BreadcrumbList\",\"@id\":\"https:\/\/wushuelorn.fr\/#breadcrumb\",\"itemListElement\":[{\"@type\":\"ListItem\",\"position\":1,\"name\":\"Accueil\",\"item\":\"https:\/\/wushuelorn.fr\/\"},{\"@type\":\"ListItem\",\"position\":2,\"name\":\"Accueil\"}]},{\"@type\":\"WebSite\",\"@id\":\"https:\/\/wushuelorn.fr\/#website\",\"url\":\"https:\/\/wushuelorn.fr\/\",\"name\":\"Wushu Elorn\",\"description\":\"Pays de Landerneau Daoulas\",\"publisher\":{\"@id\":\"https:\/\/wushuelorn.fr\/#organization\"},\"potentialAction\":[{\"@type\":\"SearchAction\",\"target\":{\"@type\":\"EntryPoint\",\"urlTemplate\":\"https:\/\/wushuelorn.fr\/?s={search_term_string}\"},\"query-input\":\"required name=search_term_string\"}],\"inLanguage\":\"en-US\"},{\"@type\":\"Organization\",\"@id\":\"https:\/\/wushuelorn.fr\/#organization\",\"name\":\"Wushu Elorn\",\"url\":\"https:\/\/wushuelorn.fr\/\",\"sameAs\":[\"https:\/\/www.facebook.com\/WushuElorn\/\"],\"logo\":{\"@type\":\"ImageObject\",\"inLanguage\":\"en-US\",\"@id\":\"https:\/\/wushuelorn.fr\/#\/schema\/logo\/image\/\",\"url\":\"https:\/\/wushuelorn.fr\/wp-content\/uploads\/2022\/06\/wushuLogo.jpeg\",\"contentUrl\":\"https:\/\/wushuelorn.fr\/wp-content\/uploads\/2022\/06\/wushuLogo.jpeg\",\"width\":768,\"height\":711,\"caption\":\"Wushu Elorn\"},\"image\":{\"@id\":\"https:\/\/wushuelorn.fr\/#\/schema\/logo\/image\/\"}}]}<\/script>\n<!-- \/ Yoast SEO plugin. -->","yoast_head_json":{"title":"Accueil - Wushu Elorn","robots":{"index":"index","follow":"follow","max-snippet":"max-snippet:-1","max-image-preview":"max-image-preview:large","max-video-preview":"max-video-preview:-1"},"canonical":"https:\/\/wushuelorn.fr\/","og_locale":"en_US","og_type":"article","og_title":"Accueil - Wushu Elorn","og_description":"Le mot de la pr\u00e9sidente et de l&#8217;\u00e9quipe de direction Bienvenue sur le site de Wushu Elorn. \u5929\u5730\u4e0e\u6211\u5e76\u5b58 \u4e07\u7269\u4e0e\u6211\u4e3a\u4e00 -\u5e84\u5b50 Le Ciel et la Terre coexistent avec moi, et toutes choses ne font d&#8217;UN. &#8211; Zhuang Zi Je vagabonde librement. Je suis sans toit. En ce coin recul\u00e9 o\u00f9 le printemps rayonne, Je pourrais installer &hellip; Continue reading \"Accueil\"","og_url":"https:\/\/wushuelorn.fr\/","og_site_name":"Wushu Elorn","article_publisher":"https:\/\/www.facebook.com\/WushuElorn\/","article_modified_time":"2024-06-15T09:54:42+00:00","og_image":[{"url":"http:\/\/wushuelorn.fr\/wp-content\/uploads\/2024\/06\/IMG_1367-2.jpg"}],"twitter_card":"summary_large_image","twitter_misc":{"Est. reading time":"1 minute"},"schema":{"@context":"https:\/\/schema.org","@graph":[{"@type":"WebPage","@id":"https:\/\/wushuelorn.fr\/","url":"https:\/\/wushuelorn.fr\/","name":"Accueil - Wushu Elorn","isPartOf":{"@id":"https:\/\/wushuelorn.fr\/#website"},"datePublished":"2022-06-12T14:36:51+00:00","dateModified":"2024-06-15T09:54:42+00:00","breadcrumb":{"@id":"https:\/\/wushuelorn.fr\/#breadcrumb"},"inLanguage":"en-US","potentialAction":[{"@type":"ReadAction","target":["https:\/\/wushuelorn.fr\/"]}]},{"@type":"BreadcrumbList","@id":"https:\/\/wushuelorn.fr\/#breadcrumb","itemListElement":[{"@type":"ListItem","position":1,"name":"Accueil","item":"https:\/\/wushuelorn.fr\/"},{"@type":"ListItem","position":2,"name":"Accueil"}]},{"@type":"WebSite","@id":"https:\/\/wushuelorn.fr\/#website","url":"https:\/\/wushuelorn.fr\/","name":"Wushu Elorn","description":"Pays de Landerneau Daoulas","publisher":{"@id":"https:\/\/wushuelorn.fr\/#organization"},"potentialAction":[{"@type":"SearchAction","target":{"@type":"EntryPoint","urlTemplate":"https:\/\/wushuelorn.fr\/?s={search_term_string}"},"query-input":"required name=search_term_string"}],"inLanguage":"en-US"},{"@type":"Organization","@id":"https:\/\/wushuelorn.fr\/#organization","name":"Wushu Elorn","url":"https:\/\/wushuelorn.fr\/","sameAs":["https:\/\/www.facebook.com\/WushuElorn\/"],"logo":{"@type":"ImageObject","inLanguage":"en-US","@id":"https:\/\/wushuelorn.fr\/#\/schema\/logo\/image\/","url":"https:\/\/wushuelorn.fr\/wp-content\/uploads\/2022\/06\/wushuLogo.jpeg","contentUrl":"https:\/\/wushuelorn.fr\/wp-content\/uploads\/2022\/06\/wushuLogo.jpeg","width":768,"height":711,"caption":"Wushu Elorn"},"image":{"@id":"https:\/\/wushuelorn.fr\/#\/schema\/logo\/image\/"}}]}},"_links":{"self":[{"href":"https:\/\/wushuelorn.fr\/index.php?rest_route=\/wp\/v2\/pages\/9","targetHints":{"allow":["GET"]}}],"collection":[{"href":"https:\/\/wushuelorn.fr\/index.php?rest_route=\/wp\/v2\/pages"}],"about":[{"href":"https:\/\/wushuelorn.fr\/index.php?rest_route=\/wp\/v2\/types\/page"}],"author":[{"embeddable":true,"href":"https:\/\/wushuelorn.fr\/index.php?rest_route=\/wp\/v2\/users\/1"}],"replies":[{"embeddable":true,"href":"https:\/\/wushuelorn.fr\/index.php?rest_route=%2Fwp%2Fv2%2Fcomments&post=9"}],"version-history":[{"count":30,"href":"https:\/\/wushuelorn.fr\/index.php?rest_route=\/wp\/v2\/pages\/9\/revisions"}],"predecessor-version":[{"id":573,"href":"https:\/\/wushuelorn.fr\/index.php?rest_route=\/wp\/v2\/pages\/9\/revisions\/573"}],"wp:attachment":[{"href":"https:\/\/wushuelorn.fr\/index.php?rest_route=%2Fwp%2Fv2%2Fmedia&parent=9"}],"curies":[{"name":"wp","href":"https:\/\/api.w.org\/{rel}","templated":true}]}}