{"id":52,"date":"2022-06-12T17:50:57","date_gmt":"2022-06-12T15:50:57","guid":{"rendered":"http:\/\/wushuelorn.fr\/?page_id=52"},"modified":"2026-04-16T20:29:22","modified_gmt":"2026-04-16T18:29:22","slug":"programme-2022","status":"publish","type":"page","link":"https:\/\/wushuelorn.fr\/?page_id=52","title":{"rendered":"Planning et Adh\u00e9sion"},"content":{"rendered":"\n<p class=\"has-text-align-center\"><strong>Saison 2025-2026<\/strong><\/p>\n\n\n\n<figure class=\"wp-block-table\"><table><tbody><tr><td><\/td><td>Horaires<\/td><td><\/td><td>Contenus<\/td><td>Lieu<\/td><td>Enseignants<\/td><\/tr><tr><td>Lundi<\/td><td>9h-10h<\/td><td><\/td><td>QiGong confirm\u00e9<\/td><td>Mairie Dirinon<\/td><td>RenFeng<\/td><\/tr><tr><td><\/td><td>10h15-11h15<\/td><td><\/td><td>QiGong Ba Duan Jin + B\u00e2ton<\/td><td>salle polyvalente Dirinon<\/td><td>RenFeng Claude<\/td><\/tr><tr><td><\/td><td>11h15-12h15<\/td><td><\/td><td>Taiji d\u00e9butant et confirm\u00e9<\/td><td>salle polyvalente Dirinon<\/td><td>RenFeng Claude<\/td><\/tr><tr><td>Mercredi<\/td><td>17h15-18h30<\/td><td><\/td><td>Kungfu famille<\/td><td>salle polyvalente Dirinon<\/td><td>RenFeng<\/td><\/tr><tr><td><\/td><td>18h30-19h30<\/td><td><\/td><td>Taiji Chen<\/td><td>salle polyvalente Dirinon<\/td><td>RenFeng <\/td><\/tr><tr><td>Jeudi<\/td><td>18h15-19h15<\/td><td><\/td><td>QiGong Yi Jin Jing<\/td><td>salle polyvalente Dirinon<\/td><td>Claude RenFeng<\/td><\/tr><tr><td><\/td><td>19H30-<br>20H30<\/td><td><\/td><td>Taiji d\u00e9butant <\/td><td>salle polyvalente Dirinon<\/td><td>Claude<br>Stephane<br>Renfeng<\/td><\/tr><tr><td>Samedi<\/td><td>14h15-15h15<\/td><td><\/td><td>QiGong Da Wu<\/td><td>dojo coat mez<\/td><td>Djoss RenFeng<\/td><\/tr><tr><td><\/td><td>15h15-16h15<\/td><td><\/td><td>Taiji d\u00e9butant et confirm\u00e9<\/td><td>dojo coat mez<\/td><td>Djoss RenFeng<\/td><\/tr><tr><td><\/td><td>16h15-17h15<\/td><td><\/td><td>Kungfu<\/td><td>dojo coat mez<\/td><td>Renfeng Djoss<\/td><\/tr><\/tbody><\/table><\/figure>\n\n\n\n<figure class=\"wp-block-image size-full\"><img loading=\"lazy\" decoding=\"async\" width=\"724\" height=\"1024\" src=\"https:\/\/wushuelorn.fr\/wp-content\/uploads\/2025\/08\/1756631719152-f11e43a5-0fb4-451f-8a07-48e93092061b_1.jpg\" alt=\"\" class=\"wp-image-871\" srcset=\"https:\/\/wushuelorn.fr\/wp-content\/uploads\/2025\/08\/1756631719152-f11e43a5-0fb4-451f-8a07-48e93092061b_1.jpg 724w, https:\/\/wushuelorn.fr\/wp-content\/uploads\/2025\/08\/1756631719152-f11e43a5-0fb4-451f-8a07-48e93092061b_1-212x300.jpg 212w\" sizes=\"auto, (max-width: 724px) 100vw, 724px\" \/><\/figure>\n\n\n\n<figure class=\"wp-block-image size-large\"><img loading=\"lazy\" decoding=\"async\" width=\"723\" height=\"1024\" src=\"https:\/\/wushuelorn.fr\/wp-content\/uploads\/2025\/08\/flyer-wushu-elorn-2025_2026_1-723x1024.jpg\" alt=\"\" class=\"wp-image-874\" srcset=\"https:\/\/wushuelorn.fr\/wp-content\/uploads\/2025\/08\/flyer-wushu-elorn-2025_2026_1-723x1024.jpg 723w, https:\/\/wushuelorn.fr\/wp-content\/uploads\/2025\/08\/flyer-wushu-elorn-2025_2026_1-212x300.jpg 212w, https:\/\/wushuelorn.fr\/wp-content\/uploads\/2025\/08\/flyer-wushu-elorn-2025_2026_1-768x1087.jpg 768w, https:\/\/wushuelorn.fr\/wp-content\/uploads\/2025\/08\/flyer-wushu-elorn-2025_2026_1-1085x1536.jpg 1085w, https:\/\/wushuelorn.fr\/wp-content\/uploads\/2025\/08\/flyer-wushu-elorn-2025_2026_1.jpg 1239w\" sizes=\"auto, (max-width: 723px) 100vw, 723px\" \/><\/figure>\n\n\n\n<p><\/p>\n\n\n\n<p><strong>Choisir mon Cours<\/strong><\/p>\n\n\n\n<p>Pour les d\u00e9butants:<\/p>\n\n\n\n<p>Les d\u00e9butants commencent par le style Yang 24 mouvements pour acqu\u00e9rir des fondamentaux: ouvertures et coordinations du mentale et physique.<\/p>\n\n\n\n<p>Les pratiquants de Wushu Elorn peuvent \u00e9galement s&#8217;initier dans le QiGong par l&#8217;ouverture et l&#8217;\u00e9tirement dans la globalit\u00e9 et l&#8217;\u00e9coute de soi.<\/p>\n\n\n\n<p class=\"has-text-align-left\">Ces bases aident \u00e0 ressentir l&#8217;unit\u00e9 de l&#8217;\u00eatre int\u00e9rieur et l&#8217;action ext\u00e9rieur.<\/p>\n\n\n\n<p>Pour les pratiquants du Kungfu, les deux cours de mercredi et samedi sont disponibles. Le Wu Bu Quan est l&#8217;encha\u00eenement de base pour les d\u00e9butants.<\/p>\n\n\n\n<p><\/p>\n\n\n\n<p>Pour les confirm\u00e9s:<\/p>\n\n\n\n<p>Le Taiji Yang 40 propos\u00e9 apr\u00e8s l&#8217;acquis du Taiji Yang 24. Le Taiji style Chen peut aussi \u00eatre un choix pour une pratique plus dynamique.<\/p>\n\n\n\n<p>Le Taiji YangSheng Zhang (QiGong B\u00e2ton) est accessible \u00e0 la suite du QiGong mainnue.<\/p>\n\n\n\n<p>Les KungFu confirm\u00e9s peuvent avancer dans le Chang Quan San Lu et Gui Ding Quan. Evoluer ensuite avec une pratique des armes.<\/p>\n\n\n\n<p><\/p>\n\n\n\n<p><\/p>\n","protected":false},"excerpt":{"rendered":"<p>Saison 2025-2026 Horaires Contenus Lieu Enseignants Lundi 9h-10h QiGong confirm\u00e9 Mairie Dirinon RenFeng 10h15-11h15 QiGong Ba Duan Jin + B\u00e2ton salle polyvalente Dirinon RenFeng Claude 11h15-12h15 Taiji d\u00e9butant et confirm\u00e9 salle polyvalente Dirinon RenFeng Claude Mercredi 17h15-18h30 Kungfu famille salle polyvalente Dirinon RenFeng 18h30-19h30 Taiji Chen salle polyvalente Dirinon RenFeng Jeudi 18h15-19h15 QiGong Yi Jin &hellip; <\/p>\n<p class=\"link-more\"><a href=\"https:\/\/wushuelorn.fr\/?page_id=52\" class=\"more-link\">Continue reading<span class=\"screen-reader-text\"> &#8220;Planning et Adh\u00e9sion&#8221;<\/span><\/a><\/p>\n","protected":false},"author":1,"featured_media":0,"parent":0,"menu_order":0,"comment_status":"closed","ping_status":"closed","template":"","meta":{"footnotes":""},"class_list":["post-52","page","type-page","status-publish","hentry"],"yoast_head":"<!-- This site is optimized with the Yoast SEO plugin v19.8 - https:\/\/yoast.com\/wordpress\/plugins\/seo\/ -->\n<title>Planning et Adh\u00e9sion - Wushu Elorn: Taiji QiGong Kungfu<\/title>\n<meta name=\"robots\" content=\"index, follow, max-snippet:-1, max-image-preview:large, max-video-preview:-1\" \/>\n<link rel=\"canonical\" href=\"https:\/\/wushuelorn.fr\/?page_id=52\" \/>\n<meta property=\"og:locale\" content=\"en_US\" \/>\n<meta property=\"og:type\" content=\"article\" \/>\n<meta property=\"og:title\" content=\"Planning et Adh\u00e9sion - Wushu Elorn: Taiji QiGong Kungfu\" \/>\n<meta property=\"og:description\" content=\"Saison 2025-2026 Horaires Contenus Lieu Enseignants Lundi 9h-10h QiGong confirm\u00e9 Mairie Dirinon RenFeng 10h15-11h15 QiGong Ba Duan Jin + B\u00e2ton salle polyvalente Dirinon RenFeng Claude 11h15-12h15 Taiji d\u00e9butant et confirm\u00e9 salle polyvalente Dirinon RenFeng Claude Mercredi 17h15-18h30 Kungfu famille salle polyvalente Dirinon RenFeng 18h30-19h30 Taiji Chen salle polyvalente Dirinon RenFeng Jeudi 18h15-19h15 QiGong Yi Jin &hellip; Continue reading &quot;Planning et Adh\u00e9sion&quot;\" \/>\n<meta property=\"og:url\" content=\"https:\/\/wushuelorn.fr\/?page_id=52\" \/>\n<meta property=\"og:site_name\" content=\"Wushu Elorn: Taiji QiGong Kungfu\" \/>\n<meta property=\"article:publisher\" content=\"https:\/\/www.facebook.com\/WushuElorn\/\" \/>\n<meta property=\"article:modified_time\" content=\"2026-04-16T18:29:22+00:00\" \/>\n<meta property=\"og:image\" content=\"https:\/\/wushuelorn.fr\/wp-content\/uploads\/2025\/08\/1756631719152-f11e43a5-0fb4-451f-8a07-48e93092061b_1.jpg\" \/>\n<meta name=\"twitter:card\" content=\"summary_large_image\" \/>\n<meta name=\"twitter:label1\" content=\"Est. reading time\" \/>\n\t<meta name=\"twitter:data1\" content=\"2 minutes\" \/>\n<script type=\"application\/ld+json\" class=\"yoast-schema-graph\">{\"@context\":\"https:\/\/schema.org\",\"@graph\":[{\"@type\":\"WebPage\",\"@id\":\"https:\/\/wushuelorn.fr\/?page_id=52\",\"url\":\"https:\/\/wushuelorn.fr\/?page_id=52\",\"name\":\"Planning et Adh\u00e9sion - Wushu Elorn: Taiji QiGong Kungfu\",\"isPartOf\":{\"@id\":\"https:\/\/wushuelorn.fr\/#website\"},\"datePublished\":\"2022-06-12T15:50:57+00:00\",\"dateModified\":\"2026-04-16T18:29:22+00:00\",\"breadcrumb\":{\"@id\":\"https:\/\/wushuelorn.fr\/?page_id=52#breadcrumb\"},\"inLanguage\":\"en-US\",\"potentialAction\":[{\"@type\":\"ReadAction\",\"target\":[\"https:\/\/wushuelorn.fr\/?page_id=52\"]}]},{\"@type\":\"BreadcrumbList\",\"@id\":\"https:\/\/wushuelorn.fr\/?page_id=52#breadcrumb\",\"itemListElement\":[{\"@type\":\"ListItem\",\"position\":1,\"name\":\"Accueil\",\"item\":\"https:\/\/wushuelorn.fr\/\"},{\"@type\":\"ListItem\",\"position\":2,\"name\":\"Planning et Adh\u00e9sion\"}]},{\"@type\":\"WebSite\",\"@id\":\"https:\/\/wushuelorn.fr\/#website\",\"url\":\"https:\/\/wushuelorn.fr\/\",\"name\":\"Wushu Elorn: Taiji QiGong Kungfu\",\"description\":\"Pays de Landerneau Daoulas\",\"publisher\":{\"@id\":\"https:\/\/wushuelorn.fr\/#organization\"},\"potentialAction\":[{\"@type\":\"SearchAction\",\"target\":{\"@type\":\"EntryPoint\",\"urlTemplate\":\"https:\/\/wushuelorn.fr\/?s={search_term_string}\"},\"query-input\":\"required name=search_term_string\"}],\"inLanguage\":\"en-US\"},{\"@type\":\"Organization\",\"@id\":\"https:\/\/wushuelorn.fr\/#organization\",\"name\":\"Wushu Elorn\",\"url\":\"https:\/\/wushuelorn.fr\/\",\"sameAs\":[\"https:\/\/www.facebook.com\/WushuElorn\/\"],\"logo\":{\"@type\":\"ImageObject\",\"inLanguage\":\"en-US\",\"@id\":\"https:\/\/wushuelorn.fr\/#\/schema\/logo\/image\/\",\"url\":\"https:\/\/wushuelorn.fr\/wp-content\/uploads\/2022\/06\/wushuLogo.jpeg\",\"contentUrl\":\"https:\/\/wushuelorn.fr\/wp-content\/uploads\/2022\/06\/wushuLogo.jpeg\",\"width\":768,\"height\":711,\"caption\":\"Wushu Elorn\"},\"image\":{\"@id\":\"https:\/\/wushuelorn.fr\/#\/schema\/logo\/image\/\"}}]}<\/script>\n<!-- \/ Yoast SEO plugin. -->","yoast_head_json":{"title":"Planning et Adh\u00e9sion - Wushu Elorn: Taiji QiGong Kungfu","robots":{"index":"index","follow":"follow","max-snippet":"max-snippet:-1","max-image-preview":"max-image-preview:large","max-video-preview":"max-video-preview:-1"},"canonical":"https:\/\/wushuelorn.fr\/?page_id=52","og_locale":"en_US","og_type":"article","og_title":"Planning et Adh\u00e9sion - Wushu Elorn: Taiji QiGong Kungfu","og_description":"Saison 2025-2026 Horaires Contenus Lieu Enseignants Lundi 9h-10h QiGong confirm\u00e9 Mairie Dirinon RenFeng 10h15-11h15 QiGong Ba Duan Jin + B\u00e2ton salle polyvalente Dirinon RenFeng Claude 11h15-12h15 Taiji d\u00e9butant et confirm\u00e9 salle polyvalente Dirinon RenFeng Claude Mercredi 17h15-18h30 Kungfu famille salle polyvalente Dirinon RenFeng 18h30-19h30 Taiji Chen salle polyvalente Dirinon RenFeng Jeudi 18h15-19h15 QiGong Yi Jin &hellip; Continue reading \"Planning et Adh\u00e9sion\"","og_url":"https:\/\/wushuelorn.fr\/?page_id=52","og_site_name":"Wushu Elorn: Taiji QiGong Kungfu","article_publisher":"https:\/\/www.facebook.com\/WushuElorn\/","article_modified_time":"2026-04-16T18:29:22+00:00","og_image":[{"url":"https:\/\/wushuelorn.fr\/wp-content\/uploads\/2025\/08\/1756631719152-f11e43a5-0fb4-451f-8a07-48e93092061b_1.jpg"}],"twitter_card":"summary_large_image","twitter_misc":{"Est. reading time":"2 minutes"},"schema":{"@context":"https:\/\/schema.org","@graph":[{"@type":"WebPage","@id":"https:\/\/wushuelorn.fr\/?page_id=52","url":"https:\/\/wushuelorn.fr\/?page_id=52","name":"Planning et Adh\u00e9sion - Wushu Elorn: Taiji QiGong Kungfu","isPartOf":{"@id":"https:\/\/wushuelorn.fr\/#website"},"datePublished":"2022-06-12T15:50:57+00:00","dateModified":"2026-04-16T18:29:22+00:00","breadcrumb":{"@id":"https:\/\/wushuelorn.fr\/?page_id=52#breadcrumb"},"inLanguage":"en-US","potentialAction":[{"@type":"ReadAction","target":["https:\/\/wushuelorn.fr\/?page_id=52"]}]},{"@type":"BreadcrumbList","@id":"https:\/\/wushuelorn.fr\/?page_id=52#breadcrumb","itemListElement":[{"@type":"ListItem","position":1,"name":"Accueil","item":"https:\/\/wushuelorn.fr\/"},{"@type":"ListItem","position":2,"name":"Planning et Adh\u00e9sion"}]},{"@type":"WebSite","@id":"https:\/\/wushuelorn.fr\/#website","url":"https:\/\/wushuelorn.fr\/","name":"Wushu Elorn: Taiji QiGong Kungfu","description":"Pays de Landerneau Daoulas","publisher":{"@id":"https:\/\/wushuelorn.fr\/#organization"},"potentialAction":[{"@type":"SearchAction","target":{"@type":"EntryPoint","urlTemplate":"https:\/\/wushuelorn.fr\/?s={search_term_string}"},"query-input":"required name=search_term_string"}],"inLanguage":"en-US"},{"@type":"Organization","@id":"https:\/\/wushuelorn.fr\/#organization","name":"Wushu Elorn","url":"https:\/\/wushuelorn.fr\/","sameAs":["https:\/\/www.facebook.com\/WushuElorn\/"],"logo":{"@type":"ImageObject","inLanguage":"en-US","@id":"https:\/\/wushuelorn.fr\/#\/schema\/logo\/image\/","url":"https:\/\/wushuelorn.fr\/wp-content\/uploads\/2022\/06\/wushuLogo.jpeg","contentUrl":"https:\/\/wushuelorn.fr\/wp-content\/uploads\/2022\/06\/wushuLogo.jpeg","width":768,"height":711,"caption":"Wushu Elorn"},"image":{"@id":"https:\/\/wushuelorn.fr\/#\/schema\/logo\/image\/"}}]}},"_links":{"self":[{"href":"https:\/\/wushuelorn.fr\/index.php?rest_route=\/wp\/v2\/pages\/52","targetHints":{"allow":["GET"]}}],"collection":[{"href":"https:\/\/wushuelorn.fr\/index.php?rest_route=\/wp\/v2\/pages"}],"about":[{"href":"https:\/\/wushuelorn.fr\/index.php?rest_route=\/wp\/v2\/types\/page"}],"author":[{"embeddable":true,"href":"https:\/\/wushuelorn.fr\/index.php?rest_route=\/wp\/v2\/users\/1"}],"replies":[{"embeddable":true,"href":"https:\/\/wushuelorn.fr\/index.php?rest_route=%2Fwp%2Fv2%2Fcomments&post=52"}],"version-history":[{"count":41,"href":"https:\/\/wushuelorn.fr\/index.php?rest_route=\/wp\/v2\/pages\/52\/revisions"}],"predecessor-version":[{"id":1076,"href":"https:\/\/wushuelorn.fr\/index.php?rest_route=\/wp\/v2\/pages\/52\/revisions\/1076"}],"wp:attachment":[{"href":"https:\/\/wushuelorn.fr\/index.php?rest_route=%2Fwp%2Fv2%2Fmedia&parent=52"}],"curies":[{"name":"wp","href":"https:\/\/api.w.org\/{rel}","templated":true}]}}