{"id":180,"date":"2022-06-30T10:35:02","date_gmt":"2022-06-30T08:35:02","guid":{"rendered":"http:\/\/wushuelorn.fr\/?page_id=180"},"modified":"2024-09-06T12:36:48","modified_gmt":"2024-09-06T10:36:48","slug":"videos","status":"publish","type":"page","link":"https:\/\/wushuelorn.fr\/?page_id=180","title":{"rendered":"Vid\u00e9os"},"content":{"rendered":"\n<figure class=\"wp-block-video\"><video height=\"480\" style=\"aspect-ratio: 848 \/ 480;\" width=\"848\" controls src=\"http:\/\/wushuelorn.fr\/wp-content\/uploads\/2024\/09\/VID-20240830-WA0000-1.mp4\"><\/video><\/figure>\n\n\n\n<h2 class=\"wp-block-heading\"><strong>D\u00e9monstration des &#8220;Petits Dragons &#8221; de Wushu Elorn durant Le Troph\u00e9e du Dragon organis\u00e9 \u00e0 Brest par la FFAEMC et Wushubrest le 25\/04\/2024<\/strong><\/h2>\n","protected":false},"excerpt":{"rendered":"<p>D\u00e9monstration des &#8220;Petits Dragons &#8221; de Wushu Elorn durant Le Troph\u00e9e du Dragon organis\u00e9 \u00e0 Brest par la FFAEMC et Wushubrest le 25\/04\/2024<\/p>\n","protected":false},"author":1,"featured_media":0,"parent":0,"menu_order":0,"comment_status":"closed","ping_status":"closed","template":"","meta":{"footnotes":""},"class_list":["post-180","page","type-page","status-publish","hentry"],"yoast_head":"<!-- This site is optimized with the Yoast SEO plugin v19.8 - https:\/\/yoast.com\/wordpress\/plugins\/seo\/ -->\n<title>Vid\u00e9os - Wushu Elorn: Taiji QiGong Kungfu<\/title>\n<meta name=\"robots\" content=\"index, follow, max-snippet:-1, max-image-preview:large, max-video-preview:-1\" \/>\n<link rel=\"canonical\" href=\"https:\/\/wushuelorn.fr\/?page_id=180\" \/>\n<meta property=\"og:locale\" content=\"en_US\" \/>\n<meta property=\"og:type\" content=\"article\" \/>\n<meta property=\"og:title\" content=\"Vid\u00e9os - Wushu Elorn: Taiji QiGong Kungfu\" \/>\n<meta property=\"og:description\" content=\"D\u00e9monstration des &#8220;Petits Dragons &#8221; de Wushu Elorn durant Le Troph\u00e9e du Dragon organis\u00e9 \u00e0 Brest par la FFAEMC et Wushubrest le 25\/04\/2024\" \/>\n<meta property=\"og:url\" content=\"https:\/\/wushuelorn.fr\/?page_id=180\" \/>\n<meta property=\"og:site_name\" content=\"Wushu Elorn: Taiji QiGong Kungfu\" \/>\n<meta property=\"article:publisher\" content=\"https:\/\/www.facebook.com\/WushuElorn\/\" \/>\n<meta property=\"article:modified_time\" content=\"2024-09-06T10:36:48+00:00\" \/>\n<meta name=\"twitter:card\" content=\"summary_large_image\" \/>\n<meta name=\"twitter:label1\" content=\"Est. reading time\" \/>\n\t<meta name=\"twitter:data1\" content=\"1 minute\" \/>\n<script type=\"application\/ld+json\" class=\"yoast-schema-graph\">{\"@context\":\"https:\/\/schema.org\",\"@graph\":[{\"@type\":\"WebPage\",\"@id\":\"https:\/\/wushuelorn.fr\/?page_id=180\",\"url\":\"https:\/\/wushuelorn.fr\/?page_id=180\",\"name\":\"Vid\u00e9os - Wushu Elorn: Taiji QiGong Kungfu\",\"isPartOf\":{\"@id\":\"https:\/\/wushuelorn.fr\/#website\"},\"datePublished\":\"2022-06-30T08:35:02+00:00\",\"dateModified\":\"2024-09-06T10:36:48+00:00\",\"breadcrumb\":{\"@id\":\"https:\/\/wushuelorn.fr\/?page_id=180#breadcrumb\"},\"inLanguage\":\"en-US\",\"potentialAction\":[{\"@type\":\"ReadAction\",\"target\":[\"https:\/\/wushuelorn.fr\/?page_id=180\"]}]},{\"@type\":\"BreadcrumbList\",\"@id\":\"https:\/\/wushuelorn.fr\/?page_id=180#breadcrumb\",\"itemListElement\":[{\"@type\":\"ListItem\",\"position\":1,\"name\":\"Accueil\",\"item\":\"https:\/\/wushuelorn.fr\/\"},{\"@type\":\"ListItem\",\"position\":2,\"name\":\"Vid\u00e9os\"}]},{\"@type\":\"WebSite\",\"@id\":\"https:\/\/wushuelorn.fr\/#website\",\"url\":\"https:\/\/wushuelorn.fr\/\",\"name\":\"Wushu Elorn: Taiji QiGong Kungfu\",\"description\":\"Pays de Landerneau Daoulas\",\"publisher\":{\"@id\":\"https:\/\/wushuelorn.fr\/#organization\"},\"potentialAction\":[{\"@type\":\"SearchAction\",\"target\":{\"@type\":\"EntryPoint\",\"urlTemplate\":\"https:\/\/wushuelorn.fr\/?s={search_term_string}\"},\"query-input\":\"required name=search_term_string\"}],\"inLanguage\":\"en-US\"},{\"@type\":\"Organization\",\"@id\":\"https:\/\/wushuelorn.fr\/#organization\",\"name\":\"Wushu Elorn\",\"url\":\"https:\/\/wushuelorn.fr\/\",\"sameAs\":[\"https:\/\/www.facebook.com\/WushuElorn\/\"],\"logo\":{\"@type\":\"ImageObject\",\"inLanguage\":\"en-US\",\"@id\":\"https:\/\/wushuelorn.fr\/#\/schema\/logo\/image\/\",\"url\":\"https:\/\/wushuelorn.fr\/wp-content\/uploads\/2022\/06\/wushuLogo.jpeg\",\"contentUrl\":\"https:\/\/wushuelorn.fr\/wp-content\/uploads\/2022\/06\/wushuLogo.jpeg\",\"width\":768,\"height\":711,\"caption\":\"Wushu Elorn\"},\"image\":{\"@id\":\"https:\/\/wushuelorn.fr\/#\/schema\/logo\/image\/\"}}]}<\/script>\n<!-- \/ Yoast SEO plugin. -->","yoast_head_json":{"title":"Vid\u00e9os - Wushu Elorn: Taiji QiGong Kungfu","robots":{"index":"index","follow":"follow","max-snippet":"max-snippet:-1","max-image-preview":"max-image-preview:large","max-video-preview":"max-video-preview:-1"},"canonical":"https:\/\/wushuelorn.fr\/?page_id=180","og_locale":"en_US","og_type":"article","og_title":"Vid\u00e9os - Wushu Elorn: Taiji QiGong Kungfu","og_description":"D\u00e9monstration des &#8220;Petits Dragons &#8221; de Wushu Elorn durant Le Troph\u00e9e du Dragon organis\u00e9 \u00e0 Brest par la FFAEMC et Wushubrest le 25\/04\/2024","og_url":"https:\/\/wushuelorn.fr\/?page_id=180","og_site_name":"Wushu Elorn: Taiji QiGong Kungfu","article_publisher":"https:\/\/www.facebook.com\/WushuElorn\/","article_modified_time":"2024-09-06T10:36:48+00:00","twitter_card":"summary_large_image","twitter_misc":{"Est. reading time":"1 minute"},"schema":{"@context":"https:\/\/schema.org","@graph":[{"@type":"WebPage","@id":"https:\/\/wushuelorn.fr\/?page_id=180","url":"https:\/\/wushuelorn.fr\/?page_id=180","name":"Vid\u00e9os - Wushu Elorn: Taiji QiGong Kungfu","isPartOf":{"@id":"https:\/\/wushuelorn.fr\/#website"},"datePublished":"2022-06-30T08:35:02+00:00","dateModified":"2024-09-06T10:36:48+00:00","breadcrumb":{"@id":"https:\/\/wushuelorn.fr\/?page_id=180#breadcrumb"},"inLanguage":"en-US","potentialAction":[{"@type":"ReadAction","target":["https:\/\/wushuelorn.fr\/?page_id=180"]}]},{"@type":"BreadcrumbList","@id":"https:\/\/wushuelorn.fr\/?page_id=180#breadcrumb","itemListElement":[{"@type":"ListItem","position":1,"name":"Accueil","item":"https:\/\/wushuelorn.fr\/"},{"@type":"ListItem","position":2,"name":"Vid\u00e9os"}]},{"@type":"WebSite","@id":"https:\/\/wushuelorn.fr\/#website","url":"https:\/\/wushuelorn.fr\/","name":"Wushu Elorn: Taiji QiGong Kungfu","description":"Pays de Landerneau Daoulas","publisher":{"@id":"https:\/\/wushuelorn.fr\/#organization"},"potentialAction":[{"@type":"SearchAction","target":{"@type":"EntryPoint","urlTemplate":"https:\/\/wushuelorn.fr\/?s={search_term_string}"},"query-input":"required name=search_term_string"}],"inLanguage":"en-US"},{"@type":"Organization","@id":"https:\/\/wushuelorn.fr\/#organization","name":"Wushu Elorn","url":"https:\/\/wushuelorn.fr\/","sameAs":["https:\/\/www.facebook.com\/WushuElorn\/"],"logo":{"@type":"ImageObject","inLanguage":"en-US","@id":"https:\/\/wushuelorn.fr\/#\/schema\/logo\/image\/","url":"https:\/\/wushuelorn.fr\/wp-content\/uploads\/2022\/06\/wushuLogo.jpeg","contentUrl":"https:\/\/wushuelorn.fr\/wp-content\/uploads\/2022\/06\/wushuLogo.jpeg","width":768,"height":711,"caption":"Wushu Elorn"},"image":{"@id":"https:\/\/wushuelorn.fr\/#\/schema\/logo\/image\/"}}]}},"_links":{"self":[{"href":"https:\/\/wushuelorn.fr\/index.php?rest_route=\/wp\/v2\/pages\/180","targetHints":{"allow":["GET"]}}],"collection":[{"href":"https:\/\/wushuelorn.fr\/index.php?rest_route=\/wp\/v2\/pages"}],"about":[{"href":"https:\/\/wushuelorn.fr\/index.php?rest_route=\/wp\/v2\/types\/page"}],"author":[{"embeddable":true,"href":"https:\/\/wushuelorn.fr\/index.php?rest_route=\/wp\/v2\/users\/1"}],"replies":[{"embeddable":true,"href":"https:\/\/wushuelorn.fr\/index.php?rest_route=%2Fwp%2Fv2%2Fcomments&post=180"}],"version-history":[{"count":3,"href":"https:\/\/wushuelorn.fr\/index.php?rest_route=\/wp\/v2\/pages\/180\/revisions"}],"predecessor-version":[{"id":677,"href":"https:\/\/wushuelorn.fr\/index.php?rest_route=\/wp\/v2\/pages\/180\/revisions\/677"}],"wp:attachment":[{"href":"https:\/\/wushuelorn.fr\/index.php?rest_route=%2Fwp%2Fv2%2Fmedia&parent=180"}],"curies":[{"name":"wp","href":"https:\/\/api.w.org\/{rel}","templated":true}]}}