{"id":167,"date":"2022-06-30T10:03:28","date_gmt":"2022-06-30T08:03:28","guid":{"rendered":"http:\/\/wushuelorn.fr\/?page_id=167"},"modified":"2025-08-08T17:18:21","modified_gmt":"2025-08-08T15:18:21","slug":"medias","status":"publish","type":"page","link":"https:\/\/wushuelorn.fr\/?page_id=167","title":{"rendered":"M\u00e9dias"},"content":{"rendered":"\n<h2 class=\"wp-block-heading\"><strong>Brillante prestation de la  Professeure Renfeng SU au Canada<\/strong><\/h2>\n\n\n\n<h1 class=\"wp-block-heading\">L\u2019\u00c9cole Wushu Brest a particip\u00e9 \u00e0 un tournoi international de qi gong \u00e0 Vancouver, au Canada<\/h1>\n\n\n\n<p>Le 01 ao\u00fbt 2025 \u00e0 17h14<\/p>\n\n\n\n<figure class=\"wp-block-image\"><img decoding=\"async\" src=\"https:\/\/media.letelegramme.fr\/api\/v1\/images\/view\/688cd9cbf05f63e4b50b5033\/web_golden_xl\/688cd9cbf05f63e4b50b5033.1\" alt=\"Les m\u00e9daill\u00e9s de Vancouver\u00a0: de gauche \u00e0 droite (debout puis \u00e0 l\u2019avant), Marie-Th\u00e9r\u00e8se Qu\u00e9m\u00e9neur, Mano\u00e9 Patetta, Yann Scouarnec, Ga\u00eblle Novert, Ren Feng Su (professeure) et Ingrid Patetta.\"\/><figcaption class=\"wp-element-caption\">Les m\u00e9daill\u00e9s de Vancouver&nbsp;: de gauche \u00e0 droite (debout puis \u00e0 l\u2019avant), Marie-Th\u00e9r\u00e8se Qu\u00e9m\u00e9neur, Mano\u00e9 Patetta, Yann Scouarnec, Ga\u00eblle Novert, Ren Feng Su (professeure) et Ingrid Patetta. (Photo \u00c9cole wushu Brest)<\/figcaption><\/figure>\n\n\n\n<p>Bravo \u00e0 notre Professeure  Ma\u00eetre Renfeng SU pour l&#8217;entra\u00eenement d&#8217;un groupe d&#8217;\u00e9l\u00e8ves de Wushu Brest durant une grande partie de l&#8217;ann\u00e9e pour briller lors de la rencontre internationale de Qigong de Vancouver avec de nombreuses m\u00e9dailles \u00e0 la cl\u00e9, tant en individuel que en groupe . Cela d\u00e9montre encore une fois le haut niveau d&#8217;enseignement que donne Ma\u00eetre Renfeng SU 7\u00e8me Duan de Wushu  ,ainsi que la chance de l&#8217;avoir comme Professeure \u00e0 Wushu Elorn \u00e9galement . <\/p>\n\n\n\n<p><strong>Photos et article<\/strong> : <strong>Wushu Brest dans le T\u00e9l\u00e9gramme<\/strong> ( secteur Brest ST Marc ) du 1er Ao\u00fbt 2025<\/p>\n\n\n\n<p><\/p>\n\n\n\n<h1 class=\"wp-block-heading\"><strong>Dirinon. Passage de Duans \u00e0 Fouesnant pour les \u00e9l\u00e8ves de Wushu Elorn<\/strong><\/h1>\n\n\n\n<figure class=\"wp-block-image\"><a class=\"pswp-item\" href=\"https:\/\/photos.infolocale.fr\/infolocale\/contribution\/2025\/0624\/75914\/_1.jpg?rnd=20250624161737\" target=\"_blank\" rel=\"noreferrer noopener\"><img decoding=\"async\" src=\"https:\/\/photos.infolocale.fr\/infolocale\/contribution\/2025\/0624\/75914\/_1_cover_1150-500_.jpg?rnd=20250624161737\" alt=\"les candidats aux Duans  durant l'\u00e9chauffement\"\/><\/a><\/figure>\n\n\n\n<p>Compte-rendu d&#8217;\u00e9v\u00e9nement Mardi 24 juin 2025 Dirinon<\/p>\n\n\n\n<p><a>&nbsp;<\/a><\/p>\n\n\n\n<p>Samedi 14&nbsp;juin 2025 se d\u00e9roulaient les passages de grades en Taiji \u00e0 la belle salle du Dojo de Fouesnant dans le sud Finist\u00e8re.<\/p>\n\n\n\n<p>Cette manifestation, tr\u00e8s bien organis\u00e9e par la FFK (F\u00e9d\u00e9ration Fran\u00e7aise de Karat\u00e9 et Disciplines Associ\u00e9es), a vu les&nbsp;\u00e9l\u00e8ves de Wushu Elorn accompagn\u00e9s de Claude Larreur comme partenaire, passer leurs examens apr\u00e8s une ann\u00e9e de travail et d\u2019entra\u00eenements sp\u00e9cifiques avec leurs professeurs.<\/p>\n\n\n\n<p>Florence Pouppeville a obtenu le 2e Duan, Bao Fernandes son 1er Duan, prouvant le dynamisme associatif.<\/p>\n\n\n\n<p>Wushu Elorn permet par le biais de prise de licence de pr\u00e9parer sur quelques ann\u00e9es de pratique les Duans en Wushu.<\/p>\n\n\n\n<p>Le professeur principal, Ma\u00eetre Renfeng SU, assurait \u00e9galement ce jour-l\u00e0 la fonction de juge pour les passages&nbsp;des plus hauts grades.<\/p>\n\n\n\n<p><strong>Article :  Info locale Ouest France<\/strong><\/p>\n\n\n\n<h1 class=\"wp-block-heading\"><strong>Dirinon&nbsp;: l\u2019association Wushu Elorn compte 102&nbsp;adh\u00e9rents<\/strong><\/h1>\n\n\n\n<p>Le 10 juin 2025 \u00e0 10h39<\/p>\n\n\n\n<figure class=\"wp-block-image\"><img decoding=\"async\" src=\"https:\/\/media.letelegramme.fr\/api\/v1\/images\/view\/68485d1f65da131aae0e6487\/web_golden_xl\/68485d1f65da131aae0e6487.1\" alt=\"Le conseil d\u2019administration du Wushu Elorn et Aline Deroze, adjointe au maire (3e \u00e0 gauche debout).\"\/><figcaption class=\"wp-element-caption\">Le conseil d\u2019administration du Wushu Elorn et Aline Deroze, adjointe au maire (3e \u00e0 gauche debout).<\/figcaption><\/figure>\n\n\n\n<p><\/p>\n\n\n\n<h1 class=\"wp-block-heading\">Ce samedi 7 juin 2025, l\u2019assembl\u00e9e g\u00e9n\u00e9rale de l\u2019association Wushu Elorn a r\u00e9uni 35 adh\u00e9rents au dojo de Coat- Mez, \u00e0 Dirinon, en pr\u00e9sence d\u2019Aline Deroze-Simeray, adjointe au maire de Dirinon. Brigitte Graf, pr\u00e9sidente du club d\u2019a\u00efkido et taekwondo, a pr\u00e9sent\u00e9 les bilans de la saison \u00e9coul\u00e9e&nbsp;: l\u2019effectif du club est de 102 adh\u00e9rents. Le professeur principal Ma\u00eetre Renfeng SU a ensuite d\u00e9voil\u00e9 la partie p\u00e9dagogique pour la saison \u00e0 venir tant au niveau des cr\u00e9neaux horaires, que des encha\u00eenements de pratique et des futurs stages. Deux nouvelles personnes font leur entr\u00e9e au conseil d\u2019administration&nbsp;: Solen Bocher et Isabelle Cap.<\/h1>\n\n\n\n<p><strong>Article : Le T\u00e9l\u00e9gramme secteur Dirinon , Mr Jo LE BOT<\/strong><\/p>\n\n\n\n<h2 class=\"wp-block-heading\"><strong>Dirinon. Wushu Elorn a particip\u00e9 \u00e0 la Rencontre Interclubs R\u00e9gional de Wushu de Vannes<\/strong><\/h2>\n\n\n\n<figure class=\"wp-block-image\"><a class=\"pswp-item\" href=\"https:\/\/photos.infolocale.fr\/infolocale\/contribution\/2025\/0504\/74063\/_1.jpg?rnd=20250505154608\" target=\"_blank\" rel=\"noreferrer noopener\"><img decoding=\"async\" src=\"https:\/\/photos.infolocale.fr\/infolocale\/contribution\/2025\/0504\/74063\/_1_cover_1150-500_.jpg?rnd=20250505154608\" alt=\"Kung Fu avec Arme\"\/><\/a><\/figure>\n\n\n\n<p>Compte-rendu d&#8217;\u00e9v\u00e9nement Dimanche 4 mai 2025 Dirinon<\/p>\n\n\n\n<p><a>&nbsp;<\/a><\/p>\n\n\n\n<p>Le dimanche 27&nbsp;avril 2025 se d\u00e9roulait \u00e0 Vannes un interclubs de Wushu qui r\u00e9unissait tous les clubs de Bretagne.<\/p>\n\n\n\n<p>Cette manifestation bien suivie \u00e9tait organis\u00e9e par La F\u00e9d\u00e9ration Fran\u00e7aise de Karat\u00e9 et Disciplines Associ\u00e9es de Bretagne et ouverte \u00e0 tous licenci\u00e9s FFK ou pas.<\/p>\n\n\n\n<p>Une belle \u00e9quipe de Wushu Elorn y participait en Kung Fu mais aussi en Taiji et Qi gong. Cela a \u00e9t\u00e9 une belle occasion de d\u00e9voiler tous leurs talents pour le plaisir de tous. En matin\u00e9e se d\u00e9roulaient les ateliers de pratique et l\u2019apr\u00e8s-midi \u00e9tait r\u00e9serv\u00e9 aux d\u00e9monstrations de chaque club.<\/p>\n\n\n\n<p>Merci aux organisateurs pour leur disponibilit\u00e9&nbsp;!<\/p>\n\n\n\n<p><strong>Article :  Info locale Ouest France<\/strong><\/p>\n\n\n\n<h1 class=\"wp-block-heading\"><strong>Dirinon. Du Qigong et Tai Chi au Challenge Sport et Culture de Dirinon<\/strong><\/h1>\n\n\n\n<figure class=\"wp-block-image\"><a class=\"pswp-item slide\" href=\"https:\/\/photos.infolocale.fr\/infolocale\/contribution\/2025\/0427\/73852\/_3.jpg?rnd=20250428153609\" target=\"_blank\" rel=\"noreferrer noopener\"><img decoding=\"async\" src=\"https:\/\/photos.infolocale.fr\/infolocale\/contribution\/2025\/0427\/73852\/_3_cover_999-500_.jpg?rnd=20250428153609\" alt=\"\"\/><\/a><\/figure>\n\n\n\n<figure class=\"wp-block-image\"><a class=\"pswp-item slide\" href=\"https:\/\/photos.infolocale.fr\/infolocale\/contribution\/2025\/0427\/73852\/_2.jpg?rnd=20250428153609\" target=\"_blank\" rel=\"noreferrer noopener\"><img decoding=\"async\" src=\"https:\/\/photos.infolocale.fr\/infolocale\/contribution\/2025\/0427\/73852\/_2_cover_143-159_.jpg?rnd=20250428153609\" alt=\"\"\/><\/a><\/figure>\n\n\n\n<p>Compte-rendu d&#8217;\u00e9v\u00e9nement Dimanche 27 avril 2025<\/p>\n\n\n\n<p><a>&nbsp;<\/a><\/p>\n\n\n\n<p>Le samedi 26&nbsp;avril 2025, l\u2019association Wushu Elorn participait au challenge Sport Culture&nbsp;<strong>Un temps partag\u00e9<\/strong>&nbsp;\u00e0 la salle polyvalente de Dirinon.<\/p>\n\n\n\n<p>Cette journ\u00e9e, riche de partage, anim\u00e9e par plusieurs associations des communes du Finist\u00e8re, a permis \u00e0 tous de d\u00e9couvrir de mani\u00e8re inclusive, le th\u00e9\u00e2tre avec une belle repr\u00e9sentation, la danse country, divers sports et, pour Wushu Elorn, une initiation au Qigong et Tai chi avec les b\u00e9n\u00e9voles pr\u00e9sents.<\/p>\n\n\n\n<p>L\u2019ambiance fut&nbsp;au rendez-vous, spontan\u00e9it\u00e9 et sourires furent les ma\u00eetres mots de la journ\u00e9e. Merci \u00e0 tous pour l\u2019organisation sur le site et l\u2019entraide.<\/p>\n\n\n\n<p><strong>Article :  Info locale Ouest France<\/strong><\/p>\n\n\n\n<h2 class=\"wp-block-heading\"><strong>Un Stage de Tai-chi qui d\u00e9passe les fronti\u00e8res<\/strong><\/h2>\n\n\n\n<figure class=\"wp-block-image size-full\"><img loading=\"lazy\" decoding=\"async\" width=\"960\" height=\"600\" src=\"http:\/\/wushuelorn.fr\/wp-content\/uploads\/2025\/05\/682b4404698200bbc60d7f5d.1.jpeg\" alt=\"\" class=\"wp-image-823\" srcset=\"https:\/\/wushuelorn.fr\/wp-content\/uploads\/2025\/05\/682b4404698200bbc60d7f5d.1.jpeg 960w, https:\/\/wushuelorn.fr\/wp-content\/uploads\/2025\/05\/682b4404698200bbc60d7f5d.1-300x188.jpeg 300w, https:\/\/wushuelorn.fr\/wp-content\/uploads\/2025\/05\/682b4404698200bbc60d7f5d.1-768x480.jpeg 768w\" sizes=\"auto, (max-width: 767px) 89vw, (max-width: 1000px) 54vw, (max-width: 1071px) 543px, 580px\" \/><\/figure>\n\n\n\n<p>Samedi 17 mai 2025, l\u2019association <a href=\"https:\/\/www.letelegramme.fr\/finistere\/dirinon-29460\/le-club-wushu-elorn-de-dirinon-est-revenu-de-lopen-de-france-avec-des-medailles-6758167.php\">Wushu \u00c9lorn<\/a>, bas\u00e9e \u00e0 Dirinon, organisait un stage de tai-chi style sun dirig\u00e9 par le ma\u00eetre Faye Li-Yip venue de Birmingham en Angleterre. Ce stage s\u2019est d\u00e9roul\u00e9 sous un soleil radieux \u00e0 Dirinon en pr\u00e9sence d\u2019une trentaine de participants venus de diff\u00e9rentes r\u00e9gions de France et d\u2019Europe. Le tai-chi sun est l\u2019un des quatre styles majeurs et a \u00e9t\u00e9 cr\u00e9\u00e9 par le grand ma\u00eetre Sun Lutang. Il se caract\u00e9rise par des postures douces et des positions hautes, ce qui le rend particuli\u00e8rement adapt\u00e9 \u00e0 la th\u00e9rapie par les arts martiaux.<\/p>\n\n\n\n<p><strong>Photo et texte : Mr le Bot , Le T\u00e9l\u00e9gramme du 20 mai 2025<\/strong> <\/p>\n\n\n\n<h1 class=\"wp-block-heading\"><strong>Les clubs Wushu de Brest et de Landerneau-Daoulas de retour du festival europ\u00e9en de Vienne<\/strong><\/h1>\n\n\n\n<p>Le 02 octobre 2024 \u00e0 12h52<\/p>\n\n\n\n<figure class=\"wp-block-image\"><img decoding=\"async\" src=\"https:\/\/media.letelegramme.fr\/api\/v1\/images\/view\/66fd25e4a357516a825a96b9\/web_golden_xl\/66fd25e4a357516a825a96b9.1\" alt=\"La d\u00e9l\u00e9gation finist\u00e9rienne a pos\u00e9 pour une photo souvenir \u00e0 Vienne.\"\/><figcaption class=\"wp-element-caption\">La d\u00e9l\u00e9gation finist\u00e9rienne a pos\u00e9 pour une photo souvenir \u00e0 Vienne. (Photo Wushu \u00c9lorn)<\/figcaption><\/figure>\n\n\n\n<p>Du 26 au 29 septembre 2024, les deux clubs Wushu Elorn et Wushu Brest ont particip\u00e9 au sixi\u00e8me festival europ\u00e9en de Qi Gong Sant\u00e9 \u00e0 Vienne (Autriche). 26 nations \u00e9taient repr\u00e9sent\u00e9es. Pendant trois jours, des modules de formation leur ont \u00e9t\u00e9 propos\u00e9s, suivis de comp\u00e9titions individuelles et par \u00e9quipes. Encadr\u00e9e par Ma\u00eetre Renfeng Su, la d\u00e9l\u00e9gation locale \u00e9tait compos\u00e9e d\u2019une vingtaine de participants&nbsp;; elle s\u2019est distingu\u00e9e avec deux m\u00e9dailles de bronze par \u00e9quipe, quatre bronze et deux d\u2019argent en individuel, et une en or en \u00e9quipe internationale. Le prochain rassemblement est programm\u00e9 \u00e0 l\u2019automne 2025 \u00e0 Vancouver (Canada).<\/p>\n\n\n\n<p><strong> Source : Le T\u00e9l\u00e9gramme du 2 Octobre 2024<\/strong><\/p>\n\n\n\n<p><strong>Photo et Texte : Mr LE BOT<\/strong><\/p>\n\n\n\n<h1 class=\"wp-block-heading\"><strong>\u00c0 Dirinon, l\u2019association Wushu \u00c9lorn ouvre deux cours supl\u00e9mentaires de kung-fu<\/strong><\/h1>\n\n\n\n<p>Le 09 juin 2024 \u00e0 18h09<\/p>\n\n\n\n<figure class=\"wp-block-image\"><img decoding=\"async\" src=\"https:\/\/media.letelegramme.fr\/api\/v1\/images\/view\/6665d3c69065ab25cb67ae2d\/web_golden_xl\/6665d3c69065ab25cb67ae2d.1\" alt=\"Une vingtaine d\u2019adh\u00e9rents ont assist\u00e9 \u00e0 l\u2019assembl\u00e9e annuelle.\"\/><figcaption class=\"wp-element-caption\">Une vingtaine d\u2019adh\u00e9rents ont assist\u00e9 \u00e0 l\u2019assembl\u00e9e annuelle.<\/figcaption><\/figure>\n\n\n\n<p>L\u2019assembl\u00e9e g\u00e9n\u00e9rale de l\u2019association Wushu \u00c9lorn s\u2019est tenue le samedi 8 juin 2024, \u00e0 la salle de Coat-Mez, \u00e0 Dirinon, en pr\u00e9sence de Guillaume Bodenez, maire, et d\u2019Aline Deroze, adjointe au maire.&nbsp;<\/p>\n\n\n\n<p>Le bureau reste inchang\u00e9 et Brigitte Graf est reconduite \u00e0 la pr\u00e9sidence du club intercommunal, qui a enregistr\u00e9, cette saison, 87&nbsp;adh\u00e9sions. Pour la saison 2024-2025, dix cours seront propos\u00e9s (huit cours en 2023), \u00e0 la salle de Coat-Mez&nbsp;: un nouveau cours de kung-fu le samedi, et un cours de kung-fu doux destin\u00e9 aux adultes le jeudi soir.&nbsp;<\/p>\n\n\n\n<h2 class=\"wp-block-heading\">Pr\u00e9sent \u00e0 la f\u00eate des JO samedi prochain<\/h2>\n\n\n\n<p>En septembre 2024, une \u00e9quipe de qi gong se d\u00e9placera \u00e0 Vienne (Autriche) pour une rencontre europ\u00e9enne.<\/p>\n\n\n\n<p><strong>Source : T\u00e9l\u00e9gramme du 9 juin 2024<\/strong><\/p>\n\n\n\n<p><strong>Photo et Texte : Mr LE BOT<\/strong><\/p>\n\n\n\n<h1 class=\"wp-block-heading\"><\/h1>\n\n\n\n<figure class=\"wp-block-embed\"><div class=\"wp-block-embed__wrapper\">\nhttps:\/\/6aba4883698825a93e91c3018925c9bd.safeframe.googlesyndication.com\/safeframe\/1-0-40\/html\/container.html\n<\/div><\/figure>\n\n\n\n<p>Le club sera \u00e9galement pr\u00e9sent \u00e0 la f\u00eate des Jeux olympiques de Dirinon, le samedi 15 juin, \u00e0 partir de 14&nbsp;h, au complexe sportif, route du Stade.<\/p>\n\n\n\n<h3 class=\"wp-block-heading\">Contact<\/h3>\n\n\n\n<p>Courriel, wushuelorn.info@gmail.com&nbsp;; site web,&nbsp;<a href=\"https:\/\/wushuelorn.fr\/\">wushuelorn.fr<\/a><\/p>\n","protected":false},"excerpt":{"rendered":"<p>Brillante prestation de la Professeure Renfeng SU au Canada L\u2019\u00c9cole Wushu Brest a particip\u00e9 \u00e0 un tournoi international de qi gong \u00e0 Vancouver, au Canada Le 01 ao\u00fbt 2025 \u00e0 17h14 Bravo \u00e0 notre Professeure Ma\u00eetre Renfeng SU pour l&#8217;entra\u00eenement d&#8217;un groupe d&#8217;\u00e9l\u00e8ves de Wushu Brest durant une grande partie de l&#8217;ann\u00e9e pour briller lors &hellip; <\/p>\n<p class=\"link-more\"><a href=\"https:\/\/wushuelorn.fr\/?page_id=167\" class=\"more-link\">Continue reading<span class=\"screen-reader-text\"> &#8220;M\u00e9dias&#8221;<\/span><\/a><\/p>\n","protected":false},"author":1,"featured_media":0,"parent":0,"menu_order":0,"comment_status":"closed","ping_status":"closed","template":"","meta":{"footnotes":""},"class_list":["post-167","page","type-page","status-publish","hentry"],"yoast_head":"<!-- This site is optimized with the Yoast SEO plugin v19.8 - https:\/\/yoast.com\/wordpress\/plugins\/seo\/ -->\n<title>M\u00e9dias - Wushu Elorn: Taiji QiGong Kungfu<\/title>\n<meta name=\"robots\" content=\"index, follow, max-snippet:-1, max-image-preview:large, max-video-preview:-1\" \/>\n<link rel=\"canonical\" href=\"https:\/\/wushuelorn.fr\/?page_id=167\" \/>\n<meta property=\"og:locale\" content=\"en_US\" \/>\n<meta property=\"og:type\" content=\"article\" \/>\n<meta property=\"og:title\" content=\"M\u00e9dias - Wushu Elorn: Taiji QiGong Kungfu\" \/>\n<meta property=\"og:description\" content=\"Brillante prestation de la Professeure Renfeng SU au Canada L\u2019\u00c9cole Wushu Brest a particip\u00e9 \u00e0 un tournoi international de qi gong \u00e0 Vancouver, au Canada Le 01 ao\u00fbt 2025 \u00e0 17h14 Bravo \u00e0 notre Professeure Ma\u00eetre Renfeng SU pour l&#8217;entra\u00eenement d&#8217;un groupe d&#8217;\u00e9l\u00e8ves de Wushu Brest durant une grande partie de l&#8217;ann\u00e9e pour briller lors &hellip; Continue reading &quot;M\u00e9dias&quot;\" \/>\n<meta property=\"og:url\" content=\"https:\/\/wushuelorn.fr\/?page_id=167\" \/>\n<meta property=\"og:site_name\" content=\"Wushu Elorn: Taiji QiGong Kungfu\" \/>\n<meta property=\"article:publisher\" content=\"https:\/\/www.facebook.com\/WushuElorn\/\" \/>\n<meta property=\"article:modified_time\" content=\"2025-08-08T15:18:21+00:00\" \/>\n<meta property=\"og:image\" content=\"https:\/\/media.letelegramme.fr\/api\/v1\/images\/view\/688cd9cbf05f63e4b50b5033\/web_golden_xl\/688cd9cbf05f63e4b50b5033.1\" \/>\n<meta name=\"twitter:card\" content=\"summary_large_image\" \/>\n<meta name=\"twitter:label1\" content=\"Est. reading time\" \/>\n\t<meta name=\"twitter:data1\" content=\"7 minutes\" \/>\n<script type=\"application\/ld+json\" class=\"yoast-schema-graph\">{\"@context\":\"https:\/\/schema.org\",\"@graph\":[{\"@type\":\"WebPage\",\"@id\":\"https:\/\/wushuelorn.fr\/?page_id=167\",\"url\":\"https:\/\/wushuelorn.fr\/?page_id=167\",\"name\":\"M\u00e9dias - Wushu Elorn: Taiji QiGong Kungfu\",\"isPartOf\":{\"@id\":\"https:\/\/wushuelorn.fr\/#website\"},\"datePublished\":\"2022-06-30T08:03:28+00:00\",\"dateModified\":\"2025-08-08T15:18:21+00:00\",\"breadcrumb\":{\"@id\":\"https:\/\/wushuelorn.fr\/?page_id=167#breadcrumb\"},\"inLanguage\":\"en-US\",\"potentialAction\":[{\"@type\":\"ReadAction\",\"target\":[\"https:\/\/wushuelorn.fr\/?page_id=167\"]}]},{\"@type\":\"BreadcrumbList\",\"@id\":\"https:\/\/wushuelorn.fr\/?page_id=167#breadcrumb\",\"itemListElement\":[{\"@type\":\"ListItem\",\"position\":1,\"name\":\"Accueil\",\"item\":\"https:\/\/wushuelorn.fr\/\"},{\"@type\":\"ListItem\",\"position\":2,\"name\":\"M\u00e9dias\"}]},{\"@type\":\"WebSite\",\"@id\":\"https:\/\/wushuelorn.fr\/#website\",\"url\":\"https:\/\/wushuelorn.fr\/\",\"name\":\"Wushu Elorn: Taiji QiGong Kungfu\",\"description\":\"Pays de Landerneau Daoulas\",\"publisher\":{\"@id\":\"https:\/\/wushuelorn.fr\/#organization\"},\"potentialAction\":[{\"@type\":\"SearchAction\",\"target\":{\"@type\":\"EntryPoint\",\"urlTemplate\":\"https:\/\/wushuelorn.fr\/?s={search_term_string}\"},\"query-input\":\"required name=search_term_string\"}],\"inLanguage\":\"en-US\"},{\"@type\":\"Organization\",\"@id\":\"https:\/\/wushuelorn.fr\/#organization\",\"name\":\"Wushu Elorn\",\"url\":\"https:\/\/wushuelorn.fr\/\",\"sameAs\":[\"https:\/\/www.facebook.com\/WushuElorn\/\"],\"logo\":{\"@type\":\"ImageObject\",\"inLanguage\":\"en-US\",\"@id\":\"https:\/\/wushuelorn.fr\/#\/schema\/logo\/image\/\",\"url\":\"https:\/\/wushuelorn.fr\/wp-content\/uploads\/2022\/06\/wushuLogo.jpeg\",\"contentUrl\":\"https:\/\/wushuelorn.fr\/wp-content\/uploads\/2022\/06\/wushuLogo.jpeg\",\"width\":768,\"height\":711,\"caption\":\"Wushu Elorn\"},\"image\":{\"@id\":\"https:\/\/wushuelorn.fr\/#\/schema\/logo\/image\/\"}}]}<\/script>\n<!-- \/ Yoast SEO plugin. -->","yoast_head_json":{"title":"M\u00e9dias - Wushu Elorn: Taiji QiGong Kungfu","robots":{"index":"index","follow":"follow","max-snippet":"max-snippet:-1","max-image-preview":"max-image-preview:large","max-video-preview":"max-video-preview:-1"},"canonical":"https:\/\/wushuelorn.fr\/?page_id=167","og_locale":"en_US","og_type":"article","og_title":"M\u00e9dias - Wushu Elorn: Taiji QiGong Kungfu","og_description":"Brillante prestation de la Professeure Renfeng SU au Canada L\u2019\u00c9cole Wushu Brest a particip\u00e9 \u00e0 un tournoi international de qi gong \u00e0 Vancouver, au Canada Le 01 ao\u00fbt 2025 \u00e0 17h14 Bravo \u00e0 notre Professeure Ma\u00eetre Renfeng SU pour l&#8217;entra\u00eenement d&#8217;un groupe d&#8217;\u00e9l\u00e8ves de Wushu Brest durant une grande partie de l&#8217;ann\u00e9e pour briller lors &hellip; Continue reading \"M\u00e9dias\"","og_url":"https:\/\/wushuelorn.fr\/?page_id=167","og_site_name":"Wushu Elorn: Taiji QiGong Kungfu","article_publisher":"https:\/\/www.facebook.com\/WushuElorn\/","article_modified_time":"2025-08-08T15:18:21+00:00","og_image":[{"url":"https:\/\/media.letelegramme.fr\/api\/v1\/images\/view\/688cd9cbf05f63e4b50b5033\/web_golden_xl\/688cd9cbf05f63e4b50b5033.1"}],"twitter_card":"summary_large_image","twitter_misc":{"Est. reading time":"7 minutes"},"schema":{"@context":"https:\/\/schema.org","@graph":[{"@type":"WebPage","@id":"https:\/\/wushuelorn.fr\/?page_id=167","url":"https:\/\/wushuelorn.fr\/?page_id=167","name":"M\u00e9dias - Wushu Elorn: Taiji QiGong Kungfu","isPartOf":{"@id":"https:\/\/wushuelorn.fr\/#website"},"datePublished":"2022-06-30T08:03:28+00:00","dateModified":"2025-08-08T15:18:21+00:00","breadcrumb":{"@id":"https:\/\/wushuelorn.fr\/?page_id=167#breadcrumb"},"inLanguage":"en-US","potentialAction":[{"@type":"ReadAction","target":["https:\/\/wushuelorn.fr\/?page_id=167"]}]},{"@type":"BreadcrumbList","@id":"https:\/\/wushuelorn.fr\/?page_id=167#breadcrumb","itemListElement":[{"@type":"ListItem","position":1,"name":"Accueil","item":"https:\/\/wushuelorn.fr\/"},{"@type":"ListItem","position":2,"name":"M\u00e9dias"}]},{"@type":"WebSite","@id":"https:\/\/wushuelorn.fr\/#website","url":"https:\/\/wushuelorn.fr\/","name":"Wushu Elorn: Taiji QiGong Kungfu","description":"Pays de Landerneau Daoulas","publisher":{"@id":"https:\/\/wushuelorn.fr\/#organization"},"potentialAction":[{"@type":"SearchAction","target":{"@type":"EntryPoint","urlTemplate":"https:\/\/wushuelorn.fr\/?s={search_term_string}"},"query-input":"required name=search_term_string"}],"inLanguage":"en-US"},{"@type":"Organization","@id":"https:\/\/wushuelorn.fr\/#organization","name":"Wushu Elorn","url":"https:\/\/wushuelorn.fr\/","sameAs":["https:\/\/www.facebook.com\/WushuElorn\/"],"logo":{"@type":"ImageObject","inLanguage":"en-US","@id":"https:\/\/wushuelorn.fr\/#\/schema\/logo\/image\/","url":"https:\/\/wushuelorn.fr\/wp-content\/uploads\/2022\/06\/wushuLogo.jpeg","contentUrl":"https:\/\/wushuelorn.fr\/wp-content\/uploads\/2022\/06\/wushuLogo.jpeg","width":768,"height":711,"caption":"Wushu Elorn"},"image":{"@id":"https:\/\/wushuelorn.fr\/#\/schema\/logo\/image\/"}}]}},"_links":{"self":[{"href":"https:\/\/wushuelorn.fr\/index.php?rest_route=\/wp\/v2\/pages\/167","targetHints":{"allow":["GET"]}}],"collection":[{"href":"https:\/\/wushuelorn.fr\/index.php?rest_route=\/wp\/v2\/pages"}],"about":[{"href":"https:\/\/wushuelorn.fr\/index.php?rest_route=\/wp\/v2\/types\/page"}],"author":[{"embeddable":true,"href":"https:\/\/wushuelorn.fr\/index.php?rest_route=\/wp\/v2\/users\/1"}],"replies":[{"embeddable":true,"href":"https:\/\/wushuelorn.fr\/index.php?rest_route=%2Fwp%2Fv2%2Fcomments&post=167"}],"version-history":[{"count":8,"href":"https:\/\/wushuelorn.fr\/index.php?rest_route=\/wp\/v2\/pages\/167\/revisions"}],"predecessor-version":[{"id":897,"href":"https:\/\/wushuelorn.fr\/index.php?rest_route=\/wp\/v2\/pages\/167\/revisions\/897"}],"wp:attachment":[{"href":"https:\/\/wushuelorn.fr\/index.php?rest_route=%2Fwp%2Fv2%2Fmedia&parent=167"}],"curies":[{"name":"wp","href":"https:\/\/api.w.org\/{rel}","templated":true}]}}